{"id":3416,"date":"2023-07-13T13:06:39","date_gmt":"2023-07-13T11:06:39","guid":{"rendered":"https:\/\/www.invizo.sk\/zasady-ochrany-osobnych-udajov\/"},"modified":"2023-10-30T07:48:10","modified_gmt":"2023-10-30T06:48:10","slug":"zasady-ochrany-osobnych-udajov","status":"publish","type":"page","link":"https:\/\/www.invizo.sk\/en\/zasady-ochrany-osobnych-udajov\/","title":{"rendered":"GDPR"},"content":{"rendered":"\t\t<div data-elementor-type=\"wp-page\" data-elementor-id=\"3416\" class=\"elementor elementor-3416 elementor-2351\" data-elementor-post-type=\"page\">\n\t\t\t\t\t\t<section data-dce-background-overlay-image-url=\"https:\/\/www.invizo.sk\/wp-content\/uploads\/2023\/04\/elements.svg\" class=\"elementor-section elementor-top-section elementor-element elementor-element-e1198f4 elementor-section-height-min-height elementor-section-boxed elementor-section-height-default elementor-section-items-middle\" data-id=\"e1198f4\" data-element_type=\"section\" data-e-type=\"section\" data-settings=\"{&quot;background_background&quot;:&quot;classic&quot;}\">\n\t\t\t\t\t\t\t<div class=\"elementor-background-overlay\"><\/div>\n\t\t\t\t\t\t\t<div class=\"elementor-container elementor-column-gap-default\">\n\t\t\t\t\t<div class=\"elementor-column elementor-col-100 elementor-top-column elementor-element elementor-element-f18af69\" data-id=\"f18af69\" data-element_type=\"column\" data-e-type=\"column\">\n\t\t\t<div class=\"elementor-widget-wrap elementor-element-populated\">\n\t\t\t\t\t\t<div data-dce-title-color=\"#FFFFFF\" class=\"elementor-element elementor-element-21a4246 textWordReveal elementor-invisible elementor-widget elementor-widget-heading\" data-id=\"21a4246\" data-element_type=\"widget\" data-e-type=\"widget\" data-settings=\"{&quot;_animation&quot;:&quot;fadeIn&quot;}\" data-widget_type=\"heading.default\">\n\t\t\t\t<div class=\"elementor-widget-container\">\n\t\t\t\t\t<h1 class=\"elementor-heading-title elementor-size-default\">GDPR<\/h1>\t\t\t\t<\/div>\n\t\t\t\t<\/div>\n\t\t\t\t\t<\/div>\n\t\t<\/div>\n\t\t\t\t\t<\/div>\n\t\t<\/section>\n\t\t\t\t<section class=\"elementor-section elementor-top-section elementor-element elementor-element-6aad002 elementor-section-boxed elementor-section-height-default elementor-section-height-default\" data-id=\"6aad002\" data-element_type=\"section\" data-e-type=\"section\">\n\t\t\t\t\t\t<div class=\"elementor-container elementor-column-gap-default\">\n\t\t\t\t\t<div class=\"elementor-column elementor-col-100 elementor-top-column elementor-element elementor-element-3780c00\" data-id=\"3780c00\" data-element_type=\"column\" data-e-type=\"column\">\n\t\t\t<div class=\"elementor-widget-wrap elementor-element-populated\">\n\t\t\t\t\t\t<div class=\"elementor-element elementor-element-aa61668 elementor-widget elementor-widget-text-editor\" data-id=\"aa61668\" data-element_type=\"widget\" data-e-type=\"widget\" data-widget_type=\"text-editor.default\">\n\t\t\t\t<div class=\"elementor-widget-container\">\n\t\t\t\t\t\t\t\t\t<p>Pou\u017e\u00edvatelia a n\u00e1v\u0161tevn\u00edci tejto webstr\u00e1nky si musia tieto Z\u00e1sady pozorne pre\u010d\u00edta\u0165 sk\u00f4r, ako poskytn\u00fa svoje osobn\u00e9 \u00fadaje a\/alebo vyplnia elektronick\u00fd formul\u00e1r uveden\u00fd na tejto webovej str\u00e1nke. INVIZO s. r.o., so s\u00eddlom Sekurisova 16, 841 02 Bratislava, zap\u00edsan\u00e1 v OR SR OS Bratislava I, oddiel: Sro, vlo\u017eka \u010d. 12882\/B (\u010falej len \u201ePrev\u00e1dzkovate\u013e\u201c) sa star\u00e1 o ochranu osobn\u00fdch \u00fadajov a chce, aby dotknut\u00e9 osoby vedeli, ak\u00fdm sp\u00f4sobom sprac\u00fava a chr\u00e1ni ich osobn\u00e9 \u00fadaje. V t\u00fdchto Z\u00e1sad\u00e1ch ochrany osobn\u00fdch \u00fadajov s\u00fa pop\u00edsan\u00e9 inform\u00e1cie v zmysle Nariadenia Eur\u00f3pskeho parlamentu a Rady (E\u00da) 2016\/679 (\u010falej len \u201eNariadenie\u201c). Prev\u00e1dzkovate\u013e sa zav\u00e4zuje, pri sprac\u00favan\u00ed osobn\u00fdch \u00fadajov, prija\u0165 primeran\u00e9 technick\u00e9, person\u00e1lne a organiza\u010dn\u00e9 opatrenia na zabezpe\u010denie ochrany osobn\u00fdch \u00fadajov, ktor\u00e9 sprac\u00fava. Tak\u00e9to opatrenia zah\u0155\u0148aj\u00fa pou\u017e\u00edvanie br\u00e1n firewall, zabezpe\u010den\u00fdch v\u0161etk\u00fdch priestorov, vhodn\u00e9 syst\u00e9my a procesy riadenia pr\u00edstupov\u00fdch pr\u00e1v, d\u00f4kladn\u00fd v\u00fdber Sprostredkovate\u013eov a \u010fal\u0161ie technick\u00e9 opatrenia na poskytovanie primeranej ochrany osobn\u00fdch \u00fadajov pred ich neopr\u00e1vnen\u00fdm pou\u017e\u00edvan\u00edm, zmenou alebo stratou. Pod\u013ea vhodnosti je tie\u017e mo\u017en\u00e9 zhotovi\u0165 z\u00e1lo\u017en\u00e9 k\u00f3pie a vyu\u017ei\u0165 in\u00e9 podobn\u00e9 prostriedky, aby sme predi\u0161li n\u00e1hodn\u00e9mu po\u0161kodeniu, strate alebo zni\u010deniu osobn\u00fdch \u00fadajov. Tieto opatrenia zabezpe\u010duj\u00fa primeran\u00fa \u00farove\u0148 zabezpe\u010denia v s\u00favislosti s rizikami prirodzene s\u00favisiacimi s procesom spracovanie a povahou osobn\u00fdch \u00fadajov, ktor\u00e9 s\u00fa predmetom ochrany.<\/p>\n<h3><b>ZBER OSOBN\u00ddCH \u00daDAJOV<\/b><\/h3>\n<p>Zber osobn\u00fdch \u00fadajov dotknut\u00fdch os\u00f4b sa vykon\u00e1va priamo od dotknutej osoby alebo jej z\u00e1konn\u00e9ho z\u00e1stupcu prostredn\u00edctvom:<\/p>\n<p>riadne pou\u010den\u00fdch os\u00f4b konaj\u00facich na z\u00e1klade poverenia Prev\u00e1dzkovate\u013ea;<br>Sprostredkovate\u013ea, s ktor\u00fdm Prev\u00e1dzkovate\u013e uzatvori\u0165 sprostredkovate\u013esk\u00fa zmluvu a ktor\u00fd je povinn\u00fd dodr\u017eiava\u0165 n\u00edm definovan\u00fd \u0161tandard ochrany osobn\u00fdch \u00fadajov;<br>webovej str\u00e1nky Prev\u00e1dzkovate\u013ea;<br>osobn\u00e9ho alebo po\u0161tov\u00e9ho doru\u010denia na adresu Prev\u00e1dzkovate\u013ea.<\/p>\n<h3><b>\u00da\u010cEL A PR\u00c1VNY Z\u00c1KLAD SPRAC\u00daVANIA<\/b><\/h3>\n<p>Z\u00edskavanie a sprac\u00favanie osobn\u00fdch \u00fadajov dotknut\u00fdch os\u00f4b sa vykon\u00e1va na \u00fa\u010dely:<\/p>\n<p>uzatvorenie zmluvy medzi Prev\u00e1dzkovate\u013eom a dotknutou osobou v zmysle \u010dl. 6 ods. 1 p\u00edsm. b) Nariadenia;<br>n\u00e1sledn\u00fdch povinnost\u00ed vypl\u00fdvaj\u00facich zo zmluvn\u00e9ho vz\u0165ahu so z\u00e1kazn\u00edkom v zmysle \u010dl. 6 ods. 1 p\u00edsm. c) Nariadenia (napr. vedenie \u00fa\u010dtovn\u00fdch z\u00e1znamov, vym\u00e1hania poh\u013ead\u00e1vok, rie\u0161enia mimo\/s\u00fadnych sporov, archiv\u00e1ciu, a pod.)<br>opr\u00e1vnen\u00fdch z\u00e1ujmov Prev\u00e1dzkovate\u013ea v zmysle \u010dl. 6 ods. 1 p\u00edsm. f) Nariadenia (marketingov\u00fdch aktiv\u00edt Prev\u00e1dzkovate\u013ea \u2013 pozv\u00e1nky, poh\u013eadnice);<br>in\u00fdch aktiv\u00edt realizovan\u00fdch v zmysle \u010dl. 6 ods. 1 p\u00edsm. a) Nariadenia na z\u00e1klade s\u00fahlasu dotknutej osoby na vopred vymedzen\u00fd \u00fa\u010del (napr. rie\u0161enia \u017eiadost\u00ed\/s\u0165a\u017enost\u00ed dotknut\u00fdch os\u00f4b).<\/p>\n<h3><b>PR\u00cdJEMCOVIA ALEBO KATEG\u00d3RIE PR\u00cdJEMCOV<\/b><\/h3>\n<p>BVA, \u017dilina, spol. s r.o.<br>Ing. Roman J\u00edrovec IT \u2013 PARTNER<\/p>\n<h3><b>ARCHIV\u00c1CIA OSOBN\u00ddCH \u00daDAJOV<\/b><\/h3>\n<p>Osobn\u00e9 \u00fadaje bud\u00fa uchov\u00e1van\u00e9:<\/p>\n<p>z\u00e1znamy t\u00fdkaj\u00face sa zmluvn\u00e9ho vz\u0165ahu 10 rokov po skon\u010den\u00ed zmluvn\u00e9ho vz\u0165ahu;<br>s\u00fahlas dotknutej osoby v z\u00e1vislosti od typu udelen\u00e9ho s\u00fahlasu po dobu trvania jeho platnosti alebo<br>do jeho odvolania dotknutou osobou;<br>ostatn\u00e9 z\u00e1znamy v zmysle registrat\u00farneho poriadku Prev\u00e1dzkovate\u013ea.<\/p>\n<h3><b>PR\u00c1VA DOTKNUT\u00ddCH OS\u00d4B<\/b><\/h3>\n<p>Klient, ako dotknut\u00e1 osoba v zmysle z\u00e1kona m\u00e1 v s\u00favislosti so sprac\u00favan\u00edm jeho osobn\u00fdch \u00fadajov nasledovn\u00e9 pr\u00e1va:<\/p>\n<p>pr\u00e1vo po\u017eadova\u0165 od Prev\u00e1dzkovate\u013ea pr\u00edstup k osobn\u00fdm \u00fadajom jej sa t\u00fdkaj\u00facich v rozsahu stanovenom Nariaden\u00edm v zmysle \u010dl. 15;<br>pr\u00e1vo na opravu, vymazanie, obmedzenie sprac\u00favania osobn\u00fdch \u00fadajov v pr\u00edpadoch definovan\u00fdch Nariaden\u00edm v zmysle \u010dl. 16, \u010dl. 17 a \u010dl. 18;<br>pr\u00e1vo namieta\u0165 vo\u010di sprac\u00favan\u00ed jej osobn\u00fdch \u00fadajov v pr\u00edpadoch definovan\u00fdch Nariaden\u00edm v zmysle \u010dl. 21 a \u010dl. 22;<br>pr\u00e1vo na prenosnos\u0165 jej osobn\u00fdch \u00fadajov v pr\u00edpadoch definovan\u00fdch Nariaden\u00edm v zmysle \u010dl. 20;<br>pr\u00e1vo kedyko\u013evek odvola\u0165 svoj s\u00fahlas udelen\u00fd v zmysle \u010dl. 6 ods. 1 p\u00edsm. a) alebo \u010dl. 9 ods. 2 p\u00edsm. a) Nariadenia;<br>pr\u00e1vo by\u0165 informovan\u00fd, v pr\u00edpade poru\u0161enia ochrany osobn\u00fdch \u00fadajov, ktor\u00e9 by viedlo k vysok\u00e9mu riziku pre pr\u00e1va a slobody dotknutej osoby;<br>pr\u00e1vo na \u013eudsk\u00fd z\u00e1sah zo strany Invizo, v pr\u00edpade automatizovan\u00e9ho individu\u00e1lneho rozhodovania vr\u00e1tane profilovania (\u010falej len \u201eAIR\u201c),<br>pr\u00e1va vyjadri\u0165 svoje stanovisko k AIR,<br>pr\u00e1vo napadn\u00fa\u0165 rozhodnutie AIR,<br>pr\u00e1vo poda\u0165 n\u00e1vrh na za\u010datie konania dozorn\u00e9mu org\u00e1nu, ktor\u00fdm je \u00darad na ochranu osobn\u00fdch \u00fadajov SR, Hrani\u010dn\u00e1 12, 821 07 Bratislava 27.<\/p>\n<h3><b>UPLATNENIE PR\u00c1V DOTKNUT\u00ddCH OS\u00d4B<\/b><\/h3>\n<p>Uplatnenie pr\u00e1v je mo\u017en\u00e9 osobne v s\u00eddle Prev\u00e1dzkovate\u013ea, p\u00edsomne na horeuveden\u00fa adresu Prev\u00e1dzkovate\u013ea, vyplnen\u00edm elektronick\u00e9ho formul\u00e1ru TU alebo zaslan\u00edm mailu na e-mailov\u00fa adresu: EMAIL<\/p>\n<p>Prev\u00e1dzkovate\u013e bude spravidla odpoveda\u0165 na podania v takej podobe akej boli podan\u00e9. Pre potreby jednozna\u010dnej identifik\u00e1cia m\u00f4\u017ee Prev\u00e1dzkovate\u013e \u017eiadate\u013ea sp\u00e4tne kontaktova\u0165 na telef\u00f3nne \u010d\u00edslo, ktor\u00e9 eviduje vo svojom syst\u00e9me. Prev\u00e1dzkovate\u013e vybav\u00ed \u017eiados\u0165 do 1 mesiaca od jej doru\u010denia.<\/p>\n<p>Ak dotknut\u00e1 osoba nem\u00e1 sp\u00f4sobilos\u0165 na pr\u00e1vne \u00fakony v plnom rozsahu, jej pr\u00e1va v zmysle z\u00e1kona m\u00f4\u017ee uplatni\u0165 z\u00e1konn\u00fd z\u00e1stupca. Pr\u00e1va dotknutej osoby v zmysle z\u00e1kona, ktor\u00fd ne\u017eije, m\u00f4\u017ee uplatni\u0165 bl\u00edzka osoba.<\/p>\n<p>Prev\u00e1dzkovate\u013e m\u00f4\u017ee po\u017eadova\u0165 primeran\u00fd poplatok zoh\u013ead\u0148uj\u00faci administrat\u00edvne n\u00e1klady alebo odmietnu\u0165 kona\u0165 na z\u00e1klade \u017eiadosti, ak s\u00fa \u017eiadosti zjavne neopodstatnen\u00e9 alebo neprimeran\u00e9, najm\u00e4 pre ich opakuj\u00facu sa povahu.<\/p>\n<p>Prev\u00e1dzkovate\u013e taktie\u017e m\u00f4\u017ee odmietnu\u0165 uplatnenie pr\u00e1v dotknutej osoby, ak nevie jednozna\u010dne fyzick\u00fa osobu identifikova\u0165.<\/p>\t\t\t\t\t\t\t\t<\/div>\n\t\t\t\t<\/div>\n\t\t\t\t\t<\/div>\n\t\t<\/div>\n\t\t\t\t\t<\/div>\n\t\t<\/section>\n\t\t\t\t<\/div>\n\t\t","protected":false},"excerpt":{"rendered":"<p>Pou\u017e\u00edvatelia a n\u00e1v\u0161tevn\u00edci tejto webstr\u00e1nky si musia tieto Z\u00e1sady pozorne pre\u010d\u00edta\u0165 sk\u00f4r, ako poskytn\u00fa svoje osobn\u00e9 \u00fadaje a\/alebo vyplnia elektronick\u00fd formul\u00e1r uveden\u00fd na tejto webovej str\u00e1nke. INVIZO s. r.o., so s\u00eddlom Sekurisova 16, 841 02 Bratislava, zap\u00edsan\u00e1 v OR SR OS Bratislava I, oddiel: Sro, vlo\u017eka \u010d. 12882\/B (\u010falej len \u201ePrev\u00e1dzkovate\u013e\u201c) sa star\u00e1 o ochranu [&hellip;]<\/p>\n","protected":false},"author":1,"featured_media":0,"parent":0,"menu_order":0,"comment_status":"closed","ping_status":"closed","template":"elementor_header_footer","meta":{"_acf_changed":false,"_seopress_robots_primary_cat":"","_seopress_titles_title":"","_seopress_titles_desc":"","_seopress_robots_index":"","footnotes":""},"categories":[],"tags":[],"class_list":["post-3416","page","type-page","status-publish","hentry"],"acf":[],"_links":{"self":[{"href":"https:\/\/www.invizo.sk\/en\/wp-json\/wp\/v2\/pages\/3416","targetHints":{"allow":["GET"]}}],"collection":[{"href":"https:\/\/www.invizo.sk\/en\/wp-json\/wp\/v2\/pages"}],"about":[{"href":"https:\/\/www.invizo.sk\/en\/wp-json\/wp\/v2\/types\/page"}],"author":[{"embeddable":true,"href":"https:\/\/www.invizo.sk\/en\/wp-json\/wp\/v2\/users\/1"}],"replies":[{"embeddable":true,"href":"https:\/\/www.invizo.sk\/en\/wp-json\/wp\/v2\/comments?post=3416"}],"version-history":[{"count":1,"href":"https:\/\/www.invizo.sk\/en\/wp-json\/wp\/v2\/pages\/3416\/revisions"}],"predecessor-version":[{"id":3420,"href":"https:\/\/www.invizo.sk\/en\/wp-json\/wp\/v2\/pages\/3416\/revisions\/3420"}],"wp:attachment":[{"href":"https:\/\/www.invizo.sk\/en\/wp-json\/wp\/v2\/media?parent=3416"}],"wp:term":[{"taxonomy":"category","embeddable":true,"href":"https:\/\/www.invizo.sk\/en\/wp-json\/wp\/v2\/categories?post=3416"},{"taxonomy":"post_tag","embeddable":true,"href":"https:\/\/www.invizo.sk\/en\/wp-json\/wp\/v2\/tags?post=3416"}],"curies":[{"name":"wp","href":"https:\/\/api.w.org\/{rel}","templated":true}]}}